{"id":49,"date":"2013-04-24T10:40:01","date_gmt":"2013-04-24T08:40:01","guid":{"rendered":"http:\/\/dev.hno-johannssen.de\/?page_id=49"},"modified":"2021-07-13T16:33:45","modified_gmt":"2021-07-13T14:33:45","slug":"impressum","status":"publish","type":"page","link":"https:\/\/hno-johannssen.de\/?page_id=49","title":{"rendered":"Impressum"},"content":{"rendered":"<p><strong>Herausgeber\/verantwortlich<br \/>\n<\/strong>HNO-Praxis Dr. Volker Johannssen,<br \/>\nBeselerallee 63 \u00b7 24105 Kiel<br \/>\nTel.: 0431\/566925<\/p>\n<p>E-Mail: <a href=\"mailto:kiel@hno-johannssen.de\">kiel@hno-johannssen.de\u00a0<\/a><\/p>\n<p><strong>Aufsichtsbeh\u00f6rde<br \/>\n<\/strong>Ministerium f\u00fcr Soziales, Gesundheit, Familie, Jugend und Senioren Schleswig-Holstein<br \/>\nAdolf-Westphal-Str. 4 \u00b7 24143 Kiel<br \/>\nTel.: 0431\/988-0<br \/>\nTel.: 0431\/988-5416<br \/>\nFax: 0431\/988-5474<\/p>\n<p>E-Mail: <a title=\"mailto:pressestelle@sozmi.landsh.de\" href=\"mailto:pressestelle@sozmi.landsh.de\">pressestelle@sozmi.landsh.de<\/a><br \/>\nInternetadresse: <a title=\"http:\/\/www.msgf.schleswig-holstein.de\/\" href=\"http:\/\/www.msgf.schleswig-holstein.de\/\">http:\/\/www.msgf.schleswig-holstein.de<\/a><\/p>\n<p><strong>Zust\u00e4ndige \u00c4rztekammer<\/strong><br \/>\n\u00c4rztekammer Schleswig-Holstein<br \/>\n-K\u00f6rperschaft des \u00f6ffentlichen Rechts-<br \/>\nBismarckallee 8-12<br \/>\n23795 Bad Segeberg<br \/>\nTelefon: 04551-803-0<br \/>\nFax 04551- 803-188<br \/>\nE-Mail: <a title=\"mailto:aerztekammer@aeksh.org\" href=\"mailto:aerztekammer@aeksh.org\">aerztekammer@aeksh.org<\/a><br \/>\nInternetadresse: <a title=\"http:\/\/www.aeksh.de\/\" href=\"http:\/\/www.aeksh.de\/\">http:\/\/www.aeksh.de<\/a><\/p>\n<p><strong>Berufsrechtliche Regelungen<br \/>\n<\/strong>Gesetz \u00fcber die Kammern und die Berufsgerichtsbarkeit f\u00fcr die Heilberufe\u00a0 vom 29. Februar 1996, Ver\u00f6ffentlicht im Gesetz- und Verordnungsblatt f\u00fcr Schleswig-Holstein am 14. M\u00e4rz 1996; in Kraft getreten am 15. M\u00e4rz 1996, zuletzt ge\u00e4ndert durch Gesetz vom 08. Juni 2004<\/p>\n<p><a title=\"http:\/\/www.aeksh.de\/aerzte\/arzt_und_recht\/rechtsgrundlagen\/rechtsgrundlagen.html\" href=\"http:\/\/www.aeksh.de\/aerzte\/arzt_und_recht\/rechtsgrundlagen\/rechtsgrundlagen.html\">Rechtsgrundlagen<\/a> (\u00c4rztekammer Schleswig-Holstein)<br \/>\n<a title=\"http:\/\/www.aeksh.de\/aerzte\/arzt_und_recht\/rechtsgrundlagen\/berufsordnung\/berufsordnung_satzung.html\" href=\"http:\/\/www.aeksh.de\/aerzte\/arzt_und_recht\/rechtsgrundlagen\/berufsordnung\/berufsordnung_satzung.html\">Berufsordnung <\/a>(Satzung) der \u00c4rztekammer Schleswig-Holstein vom 9. Januar 2007<\/p>\n<p>Die komplette <a title=\"http:\/\/www.bundesaerztekammer.de\/page.asp?his=1.100.1143\" href=\"http:\/\/www.bundesaerztekammer.de\/page.asp?his=1.100.1143\">Muster-Berufsordnung f\u00fcr die deutschen \u00c4rztinnen und \u00c4rzte<\/a><br \/>\n(Stand 2006) zum Download durch die Bundes\u00e4rztekammer.<\/p>\n<p><strong>Zust\u00e4ndige Kassen\u00e4rztliche Vereinigung<\/strong><br \/>\nKassen\u00e4rztliche Vereinigung Schleswig-Holstein<br \/>\nBismarckallee 1-6<br \/>\n23795 Bad Segeberg<br \/>\nTel.: +494551\/883-0<br \/>\nFax: +494551\/883-396<br \/>\n<a title=\"http:\/\/www.kvsh.de\/\" href=\"http:\/\/www.kvsh.de\/\">www.kvsh.de<\/a><\/p>\n<p><strong>Webdesign &amp; Gestaltung<\/strong><br \/>\nWENDT &amp; MAUS Werbeagentur<br \/>\n<a title=\"WENDT &amp; MAUS Werbeagentur Neum\u00fcnster - Kiel\" href=\"http:\/\/wmwa.de\" target=\"_blank\" rel=\"noopener\">www.wmwa.de<\/a><\/p>\n<p><strong>PATIENTENINFORMATION ZUM DATENSCHUTZ<\/strong><\/p>\n<p>Sehr geehrte Patientin, sehr geehrter Patient,<\/p>\n<p>der Schutz Ihrer personenbezogenen Daten ist uns wichtig. Nach der EU-Datenschutz-Grundverordnung (DSGVO) sind wir verpflichtet, Sie dar\u00fcber zu informieren, zu welchem Zweck unsere Praxis Daten erhebt, speichert oder weiterleitet. Der Information k\u00f6nnen Sie auch entnehmen, welche Rechte Sie in puncto Datenschutz haben.<\/p>\n<ol>\n<li><strong> VERANTWORTLICHKEIT F\u00dcR DIE DATENVERARBEITUNG<\/strong><\/li>\n<\/ol>\n<p>Verantwortlich f\u00fcr die Datenverarbeitung ist:<\/p>\n<p>Praxisname: \u00a0HNO-Praxis Dr. Johannssen<\/p>\n<p>Adresse Beselerallee 63, 24105 Kiel<\/p>\n<p>Kontaktdaten 0431 566925<\/p>\n<p>Mail:\u00a0dr.johannssen@t-online.de<\/p>\n<p>&nbsp;<\/p>\n<p>Sie erreichen die\/den zust\u00e4ndige\/n Datenschutzbeauftragte\/n unter:<\/p>\n<p>Name:\u00a0 Dr. Volker Johannssen<\/p>\n<p>Anschrift:\u00a0 Beselerallee 63, 24105 Kiel<\/p>\n<p>Kontaktdaten:\u00a0 0431 566925,\u00a0 dr.johannssen@t-online.de<\/p>\n<ol start=\"2\">\n<li><strong> ZWECK DER DATENVERARBEITUNG<\/strong><\/li>\n<\/ol>\n<p>Die Datenverarbeitung erfolgt aufgrund gesetzlicher Vorgaben, um den Behandlungsvertrag zwischen Ihnen und Ihrem Arzt und die damit verbundenen Pflichten zu erf\u00fcllen.<\/p>\n<p>Hierzu verarbeiten wir Ihre personenbezogenen Daten, insbesondere Ihre Gesundheitsdaten. Dazu z\u00e4hlen Anamnesen, Diagnosen, Therapievorschl\u00e4ge und Befunde, die wir oder andere \u00c4rzte erheben. Zu diesen Zwecken k\u00f6nnen uns auch andere \u00c4rzte oder Psychotherapeuten, bei denen Sie in Behandlung sind, Daten zur Verf\u00fcgung stellen (z.B. in Arztbriefen).<\/p>\n<p>Die Erhebung von Gesundheitsdaten ist Voraussetzung f\u00fcr Ihre Behandlung. Werden die notwendigen Informationen nicht bereitgestellt, kann eine sorgf\u00e4ltige Behandlung nicht erfolgen.<\/p>\n<ol start=\"3\">\n<li><strong> EMPF\u00c4NGER IHRER DATEN<\/strong><\/li>\n<\/ol>\n<p>Wir \u00fcbermitteln Ihre personenbezogenen Daten nur dann an Dritte, wenn dies gesetzlich erlaubt ist oder Sie eingewilligt haben.<\/p>\n<p>Empf\u00e4nger Ihrer personenbezogenen Daten k\u00f6nnen vor allem andere \u00c4rzte \/ Psychotherapeuten, Kassen\u00e4rztliche Vereinigungen, Krankenkassen, der Medizinische Dienst der Krankenversicherung, \u00c4rztekammern und ggf. privat\u00e4rztliche Verrechnungsstellen sein.<\/p>\n<p>Die \u00dcbermittlung erfolgt \u00fcberwiegend zum Zwecke der Abrechnung der bei Ihnen erbrachten Leistungen, zur Kl\u00e4rung von medizinischen und sich aus Ihrem Versicherungsverh\u00e4ltnis ergebenden Fragen. Im Einzelfall erfolgt die \u00dcbermittlung von Daten an weitere berechtigte Empf\u00e4nger.<\/p>\n<p><strong>\u00a0<\/strong><\/p>\n<ol start=\"4\">\n<li><strong> SPEICHERUNG IHRER DATEN<\/strong><\/li>\n<\/ol>\n<p>Wir bewahren Ihre personenbezogenen Daten nur solange auf, wie dies f\u00fcr die Durchf\u00fchrung der Behandlung erforderlich ist.<\/p>\n<p>Aufgrund rechtlicher Vorgaben sind wir dazu verpflichtet, diese Daten mindestens 10 Jahre nach Abschluss der Behandlung aufzubewahren. Nach anderen Vorschriften k\u00f6nnen sich l\u00e4ngere Aufbewahrungsfristen ergeben, zum Beispiel 30 Jahre bei R\u00f6ntgenaufzeichnungen laut Paragraf 28 Absatz 3 der R\u00f6ntgenverordnung.<\/p>\n<ol start=\"5\">\n<li><strong> IHRE RECHTE <\/strong><\/li>\n<\/ol>\n<p>Sie haben das Recht, \u00fcber die Sie betreffenden personenbezogenen Daten Auskunft zu erhalten. Auch k\u00f6nnen Sie die Berichtigung unrichtiger Daten verlangen.<\/p>\n<p>Dar\u00fcber hinaus steht Ihnen unter bestimmten Voraussetzungen das Recht auf L\u00f6schung von Daten, das Recht auf Einschr\u00e4nkung der Datenverarbeitung sowie das Recht auf Daten\u00fcbertragbarkeit zu.<\/p>\n<p>Die Verarbeitung Ihrer Daten erfolgt auf Basis von gesetzlichen Regelungen. Nur in Ausnahmef\u00e4llen ben\u00f6tigen wir Ihr Einverst\u00e4ndnis. In diesen F\u00e4llen haben Sie das Recht, die Einwilligung f\u00fcr die zuk\u00fcnftige Verarbeitung zu widerrufen.<\/p>\n<p>Sie haben ferner das Recht, sich bei der zust\u00e4ndigen Aufsichtsbeh\u00f6rde f\u00fcr den Datenschutz zu beschweren, wenn Sie der Ansicht sind, dass die Verarbeitung Ihrer personenbezogenen Daten nicht rechtm\u00e4\u00dfig erfolgt.<\/p>\n<p>Die Anschrift der f\u00fcr uns zust\u00e4ndigen Aufsichtsbeh\u00f6rde lautet:<\/p>\n<p>Name:Unabh\u00e4ngiges Landeszentrum f\u00fcr Datenschutz Schleswig-Holstein (ULD),<\/p>\n<p>Anschrift:Holstenstra\u00dfe 98, 24103 Kiel<\/p>\n<p>&nbsp;<\/p>\n<ol start=\"6\">\n<li><strong> RECHTLICHE GRUNDLAGEN<\/strong><\/li>\n<\/ol>\n<p>Rechtsgrundlage f\u00fcr die Verarbeitung Ihrer Daten ist Artikel 9 Absatz 2 lit. h) DSGVO in Verbindung mit Paragraf 22 Absatz 1 Nr. 1 lit. b) Bundesdatenschutzgesetz. Sollten Sie Fragen haben, k\u00f6nnen Sie sich gern an uns wenden.<\/p>\n<p>&nbsp;<\/p>\n<p>Ihr Praxisteam<\/p>\n<p>&nbsp;<\/p>\n","protected":false},"excerpt":{"rendered":"<p>Herausgeber\/verantwortlich HNO-Praxis Dr. Volker Johannssen, Beselerallee 63 \u00b7 24105 Kiel Tel.: 0431\/566925 E-Mail: kiel@hno-johannssen.de\u00a0 Aufsichtsbeh\u00f6rde Ministerium f\u00fcr Soziales, Gesundheit, Familie, Jugend und Senioren Schleswig-Holstein Adolf-Westphal-Str. 4 \u00b7 24143 Kiel Tel.: 0431\/988-0 Tel.: 0431\/988-5416 Fax: 0431\/988-5474 E-Mail: pressestelle@sozmi.landsh.de Internetadresse: http:\/\/www.msgf.schleswig-holstein.de Zust\u00e4ndige \u00c4rztekammer \u00c4rztekammer Schleswig-Holstein -K\u00f6rperschaft des \u00f6ffentlichen Rechts- Bismarckallee 8-12 23795 Bad Segeberg Telefon: 04551-803-0 Fax [&hellip;]<\/p>\n","protected":false},"author":1,"featured_media":0,"parent":0,"menu_order":0,"comment_status":"closed","ping_status":"closed","template":"","meta":{"footnotes":""},"class_list":["post-49","page","type-page","status-publish","hentry"],"_links":{"self":[{"href":"https:\/\/hno-johannssen.de\/index.php?rest_route=\/wp\/v2\/pages\/49","targetHints":{"allow":["GET"]}}],"collection":[{"href":"https:\/\/hno-johannssen.de\/index.php?rest_route=\/wp\/v2\/pages"}],"about":[{"href":"https:\/\/hno-johannssen.de\/index.php?rest_route=\/wp\/v2\/types\/page"}],"author":[{"embeddable":true,"href":"https:\/\/hno-johannssen.de\/index.php?rest_route=\/wp\/v2\/users\/1"}],"replies":[{"embeddable":true,"href":"https:\/\/hno-johannssen.de\/index.php?rest_route=%2Fwp%2Fv2%2Fcomments&post=49"}],"version-history":[{"count":8,"href":"https:\/\/hno-johannssen.de\/index.php?rest_route=\/wp\/v2\/pages\/49\/revisions"}],"predecessor-version":[{"id":411,"href":"https:\/\/hno-johannssen.de\/index.php?rest_route=\/wp\/v2\/pages\/49\/revisions\/411"}],"wp:attachment":[{"href":"https:\/\/hno-johannssen.de\/index.php?rest_route=%2Fwp%2Fv2%2Fmedia&parent=49"}],"curies":[{"name":"wp","href":"https:\/\/api.w.org\/{rel}","templated":true}]}}