{"id":372,"date":"2021-02-16T16:56:38","date_gmt":"2021-02-16T15:56:38","guid":{"rendered":"http:\/\/hno-johannssen.de\/?page_id=372"},"modified":"2021-02-16T16:57:46","modified_gmt":"2021-02-16T15:57:46","slug":"datenschutz-2","status":"publish","type":"page","link":"https:\/\/hno-johannssen.de\/?page_id=372","title":{"rendered":"Datenschutz"},"content":{"rendered":"<div id=\"primary\" class=\"site-content\">\n<div id=\"content\" role=\"main\">\n<article id=\"post-49\" class=\"post-49 page type-page status-publish hentry\">\n<div class=\"entry-content\">\n<p><strong>PATIENTENINFORMATION ZUM DATENSCHUTZ<\/strong><\/p>\n<p>Sehr geehrte Patientin, sehr geehrter Patient,<\/p>\n<p>der Schutz Ihrer personenbezogenen Daten ist uns wichtig. Nach der EU-Datenschutz-Grundverordnung (DSGVO) sind wir verpflichtet, Sie dar\u00fcber zu informieren, zu welchem Zweck unsere Praxis Daten erhebt, speichert oder weiterleitet. Der Information k\u00f6nnen Sie auch entnehmen, welche Rechte Sie in puncto Datenschutz haben.<\/p>\n<ol>\n<li><strong>VERANTWORTLICHKEIT F\u00dcR DIE DATENVERARBEITUNG<\/strong><\/li>\n<\/ol>\n<p>Verantwortlich f\u00fcr die Datenverarbeitung ist:<\/p>\n<p>Praxisname: \u00a0HNO-Praxis Dr. Johannssen<\/p>\n<p>Adresse Beselerallee 63, 24105 Kiel<\/p>\n<p>Kontaktdaten 0431 566925<\/p>\n<p>Mail:\u00a0dr.johannssen@t-online.de<\/p>\n<p>&nbsp;<\/p>\n<p>Sie erreichen die\/den zust\u00e4ndige\/n Datenschutzbeauftragte\/n unter:<\/p>\n<p>Name:\u00a0 Dr. Volker Johannssen<\/p>\n<p>Anschrift:\u00a0 Beselerallee 63, 24105 Kiel<\/p>\n<p>Kontaktdaten:\u00a0 0431 566925,\u00a0 dr.johannssen@t-online.de<\/p>\n<ol start=\"2\">\n<li><strong>ZWECK DER DATENVERARBEITUNG<\/strong><\/li>\n<\/ol>\n<p>Die Datenverarbeitung erfolgt aufgrund gesetzlicher Vorgaben, um den Behandlungsvertrag zwischen Ihnen und Ihrem Arzt und die damit verbundenen Pflichten zu erf\u00fcllen.<\/p>\n<p>Hierzu verarbeiten wir Ihre personenbezogenen Daten, insbesondere Ihre Gesundheitsdaten. Dazu z\u00e4hlen Anamnesen, Diagnosen, Therapievorschl\u00e4ge und Befunde, die wir oder andere \u00c4rzte erheben. Zu diesen Zwecken k\u00f6nnen uns auch andere \u00c4rzte oder Psychotherapeuten, bei denen Sie in Behandlung sind, Daten zur Verf\u00fcgung stellen (z.B. in Arztbriefen).<\/p>\n<p>Die Erhebung von Gesundheitsdaten ist Voraussetzung f\u00fcr Ihre Behandlung. Werden die notwendigen Informationen nicht bereitgestellt, kann eine sorgf\u00e4ltige Behandlung nicht erfolgen.<\/p>\n<ol start=\"3\">\n<li><strong>EMPF\u00c4NGER IHRER DATEN<\/strong><\/li>\n<\/ol>\n<p>Wir \u00fcbermitteln Ihre personenbezogenen Daten nur dann an Dritte, wenn dies gesetzlich erlaubt ist oder Sie eingewilligt haben.<\/p>\n<p>Empf\u00e4nger Ihrer personenbezogenen Daten k\u00f6nnen vor allem andere \u00c4rzte \/ Psychotherapeuten, Kassen\u00e4rztliche Vereinigungen, Krankenkassen, der Medizinische Dienst der Krankenversicherung, \u00c4rztekammern und ggf. privat\u00e4rztliche Verrechnungsstellen sein.<\/p>\n<p>Die \u00dcbermittlung erfolgt \u00fcberwiegend zum Zwecke der Abrechnung der bei Ihnen erbrachten Leistungen, zur Kl\u00e4rung von medizinischen und sich aus Ihrem Versicherungsverh\u00e4ltnis ergebenden Fragen. Im Einzelfall erfolgt die \u00dcbermittlung von Daten an weitere berechtigte Empf\u00e4nger.<\/p>\n<p><strong>\u00a0<\/strong><\/p>\n<ol start=\"4\">\n<li><strong>SPEICHERUNG IHRER DATEN<\/strong><\/li>\n<\/ol>\n<p>Wir bewahren Ihre personenbezogenen Daten nur solange auf, wie dies f\u00fcr die Durchf\u00fchrung der Behandlung erforderlich ist.<\/p>\n<p>Aufgrund rechtlicher Vorgaben sind wir dazu verpflichtet, diese Daten mindestens 10 Jahre nach Abschluss der Behandlung aufzubewahren. Nach anderen Vorschriften k\u00f6nnen sich l\u00e4ngere Aufbewahrungsfristen ergeben, zum Beispiel 30 Jahre bei R\u00f6ntgenaufzeichnungen laut Paragraf 28 Absatz 3 der R\u00f6ntgenverordnung.<\/p>\n<ol start=\"5\">\n<li><strong>IHRE RECHTE <\/strong><\/li>\n<\/ol>\n<p>Sie haben das Recht, \u00fcber die Sie betreffenden personenbezogenen Daten Auskunft zu erhalten. Auch k\u00f6nnen Sie die Berichtigung unrichtiger Daten verlangen.<\/p>\n<p>Dar\u00fcber hinaus steht Ihnen unter bestimmten Voraussetzungen das Recht auf L\u00f6schung von Daten, das Recht auf Einschr\u00e4nkung der Datenverarbeitung sowie das Recht auf Daten\u00fcbertragbarkeit zu.<\/p>\n<p>Die Verarbeitung Ihrer Daten erfolgt auf Basis von gesetzlichen Regelungen. Nur in Ausnahmef\u00e4llen ben\u00f6tigen wir Ihr Einverst\u00e4ndnis. In diesen F\u00e4llen haben Sie das Recht, die Einwilligung f\u00fcr die zuk\u00fcnftige Verarbeitung zu widerrufen.<\/p>\n<p>Sie haben ferner das Recht, sich bei der zust\u00e4ndigen Aufsichtsbeh\u00f6rde f\u00fcr den Datenschutz zu beschweren, wenn Sie der Ansicht sind, dass die Verarbeitung Ihrer personenbezogenen Daten nicht rechtm\u00e4\u00dfig erfolgt.<\/p>\n<p>Die Anschrift der f\u00fcr uns zust\u00e4ndigen Aufsichtsbeh\u00f6rde lautet:<\/p>\n<p>Name:Unabh\u00e4ngiges Landeszentrum f\u00fcr Datenschutz Schleswig-Holstein (ULD),<\/p>\n<p>Anschrift:Holstenstra\u00dfe 98, 24103 Kiel<\/p>\n<p>&nbsp;<\/p>\n<ol start=\"6\">\n<li><strong>RECHTLICHE GRUNDLAGEN<\/strong><\/li>\n<\/ol>\n<p>Rechtsgrundlage f\u00fcr die Verarbeitung Ihrer Daten ist Artikel 9 Absatz 2 lit. h) DSGVO in Verbindung mit Paragraf 22 Absatz 1 Nr. 1 lit. b) Bundesdatenschutzgesetz. Sollten Sie Fragen haben, k\u00f6nnen Sie sich gern an uns wenden.<\/p>\n<p>&nbsp;<\/p>\n<p>Ihr Praxisteam<\/p>\n<p>&nbsp;<\/p>\n<\/div>\n<footer class=\"entry-meta\"><span class=\"edit-link\"><a class=\"post-edit-link\" href=\"https:\/\/hno-johannssen.de\/wp-admin\/post.php?post=49&amp;action=edit\">Bearbeiten<\/a><\/span><\/footer>\n<\/article>\n<div id=\"comments\" class=\"comments-area\"><\/div>\n<\/div>\n<\/div>\n<div id=\"secondary\" class=\"widget-area\" role=\"complementary\">\n<aside id=\"text-2\" class=\"widget widget_text\">\n<div class=\"textwidget\">\n<p>HNO-Praxis<br \/>\nDr. Volker Johannssen<br \/>\nBeselerallee 63<br \/>\n24105 Kiel<br \/>\n<strong>Tel.: 0431\/566925<\/strong><br \/>\n<strong>Fax.:0431\/5796983<\/strong><\/p>\n<\/div>\n<\/aside>\n<aside id=\"text-3\" class=\"widget widget_text\">\n<div class=\"textwidget\">\n<p>Sprechzeiten<\/p>\n<p>Montag:<br \/>\n08:45 &#8211; 12:00 u. 15:30 &#8211; 18:00<br \/>\nDienstag:<br \/>\n08:45 &#8211; 12:00 u. 15:30 &#8211; 18:00<br \/>\nMittwoch:<br \/>\n08:45 &#8211; 12:00<br \/>\nDonnerstag:<br \/>\n08:45 &#8211; 12:00 u. 16:30 &#8211; 19:00<br \/>\nFreitag:<br \/>\n08:45 &#8211; 12:00<\/p>\n<p>An OP-Tagen ver\u00e4nderte Sprechzeiten.<br \/>\nTelefonische Terminabsprache erbeten.<\/p>\n<\/div>\n<\/aside>\n<aside id=\"text-5\" class=\"widget widget_text\">\n<div class=\"textwidget\">\n<div id=\"jameda-widget-container36315\">\n<div id=\"jambw\">\n<div>Kompetenter Allergologe<\/div>\n<div>Hat mich mit meiner Gr\u00e4serpollenallergie sehr gut beraten und eijne\u00a0\u2026 <a href=\"https:\/\/www.jameda.de\/kiel\/aerzte\/hno-aerzte-hals-nase-ohren\/dr-volker-johannssen\/uebersicht\/80364203_1\/?utm_content=BWlast&amp;utm_source=Kunden-Homepages&amp;utm_medium=Badges&amp;utm_term=80364203&amp;utm_campaign=Badges\" target=\"_blank\" rel=\"noopener\">Mehr<\/a><\/div>\n<\/div>\n<div><a class=\"jam_link_check\" href=\"http:\/\/www.jameda.de\/kiel\/aerzte\/hno-aerzte-hals-nase-ohren\/fachgebiet\/?utm_content=BWlast&amp;utm_source=Kunden-Homepages&amp;utm_medium=Badges&amp;utm_term=80364203&amp;utm_campaign=Badges\" target=\"_blank\" rel=\"noopener\"><strong>HNO-\u00c4rzte<\/strong><br \/>\nin Kiel<\/a><\/div>\n<div>Von Patienten bewertet mit<\/div>\n<div>Note<\/p>\n<div>1,0<\/div>\n<\/div>\n<\/div>\n<\/div>\n<\/aside>\n<aside id=\"text-6\" class=\"widget widget_text\">\n<div class=\"textwidget\">\n<p>&nbsp;<\/p>\n<div id=\"jameda-widget-container1494254\">\n<div><a href=\"https:\/\/www.jameda.de\/kiel\/aerzte\/hno-aerzte-hals-nase-ohren\/dr-volker-johannssen\/uebersicht\/80364203_1\/?utm_content=Top10-01%2F2021&amp;utm_source=Kunden-Homepages&amp;utm_medium=Badges&amp;utm_term=80364203&amp;utm_campaign=Badges\" target=\"_blank\" rel=\"noopener\">Dr. med. Volker Johannssen<\/a><\/div>\n<div><strong>HNO-\u00c4rzte<\/strong><br \/>\nin Kiel auf\u00a0<a class=\"jam_link_check\" href=\"https:\/\/www.jameda.de\/kiel\/aerzte\/hno-aerzte-hals-nase-ohren\/fachgebiet\/?utm_content=Top10-01%2F2021&amp;utm_source=Kunden-Homepages&amp;utm_medium=Badges&amp;utm_term=80364203&amp;utm_campaign=Badges\" target=\"_blank\" rel=\"noopener\">jameda<\/a><\/div>\n<p><a title=\"Basis: Patientenmeinungen auf jameda.de\" href=\"https:\/\/www.jameda.de\/kiel\/aerzte\/hno-aerzte-hals-nase-ohren\/fachgebiet\/?utm_content=Top10-01%2F2021&amp;utm_source=Kunden-Homepages&amp;utm_medium=Badges&amp;utm_term=80364203&amp;utm_campaign=Badges\" target=\"_blank\" rel=\"noopener\"><img loading=\"lazy\" decoding=\"async\" src=\"https:\/\/cdn1.jameda-elements.de\/premium\/widgets\/_images\/top10.gif\" width=\"56\" height=\"59\" border=\"0\" \/><\/a><\/p>\n<div>01\/2021<\/div>\n<\/div>\n<\/div>\n<\/aside>\n<aside id=\"calendar-2\" class=\"widget widget_calendar\">\n<div id=\"calendar_wrap\" class=\"calendar_wrap\">\n<table id=\"wp-calendar\" class=\"wp-calendar-table\">\n<caption>Februar 2021<\/caption>\n<thead>\n<tr>\n<th title=\"Sonntag\" scope=\"col\">S<\/th>\n<th title=\"Montag\" scope=\"col\">M<\/th>\n<th title=\"Dienstag\" scope=\"col\">D<\/th>\n<th title=\"Mittwoch\" scope=\"col\">M<\/th>\n<th title=\"Donnerstag\" scope=\"col\">D<\/th>\n<th title=\"Freitag\" scope=\"col\">F<\/th>\n<th title=\"Samstag\" scope=\"col\">S<\/th>\n<\/tr>\n<\/thead>\n<tbody>\n<tr>\n<td class=\"pad\" colspan=\"1\"><\/td>\n<td>1<\/td>\n<td>2<\/td>\n<td>3<\/td>\n<td>4<\/td>\n<td>5<\/td>\n<td>6<\/td>\n<\/tr>\n<tr>\n<td>7<\/td>\n<td>8<\/td>\n<td>9<\/td>\n<td>10<\/td>\n<td>11<\/td>\n<td>12<\/td>\n<td>13<\/td>\n<\/tr>\n<tr>\n<td>14<\/td>\n<td>15<\/td>\n<td id=\"today\">16<\/td>\n<td>17<\/td>\n<td>18<\/td>\n<td>19<\/td>\n<td>20<\/td>\n<\/tr>\n<tr>\n<td>21<\/td>\n<td>22<\/td>\n<td>23<\/td>\n<td>24<\/td>\n<td>25<\/td>\n<td>26<\/td>\n<td>27<\/td>\n<\/tr>\n<tr>\n<td>28<\/td>\n<td class=\"pad\" colspan=\"6\"><\/td>\n<\/tr>\n<\/tbody>\n<\/table>\n<\/div>\n<\/aside>\n<\/div>\n","protected":false},"excerpt":{"rendered":"<p>PATIENTENINFORMATION ZUM DATENSCHUTZ Sehr geehrte Patientin, sehr geehrter Patient, der Schutz Ihrer personenbezogenen Daten ist uns wichtig. Nach der EU-Datenschutz-Grundverordnung (DSGVO) sind wir verpflichtet, Sie dar\u00fcber zu informieren, zu welchem Zweck unsere Praxis Daten erhebt, speichert oder weiterleitet. Der Information k\u00f6nnen Sie auch entnehmen, welche Rechte Sie in puncto Datenschutz haben. VERANTWORTLICHKEIT F\u00dcR DIE DATENVERARBEITUNG [&hellip;]<\/p>\n","protected":false},"author":2,"featured_media":0,"parent":0,"menu_order":0,"comment_status":"closed","ping_status":"closed","template":"","meta":{"footnotes":""},"class_list":["post-372","page","type-page","status-publish","hentry"],"_links":{"self":[{"href":"https:\/\/hno-johannssen.de\/index.php?rest_route=\/wp\/v2\/pages\/372","targetHints":{"allow":["GET"]}}],"collection":[{"href":"https:\/\/hno-johannssen.de\/index.php?rest_route=\/wp\/v2\/pages"}],"about":[{"href":"https:\/\/hno-johannssen.de\/index.php?rest_route=\/wp\/v2\/types\/page"}],"author":[{"embeddable":true,"href":"https:\/\/hno-johannssen.de\/index.php?rest_route=\/wp\/v2\/users\/2"}],"replies":[{"embeddable":true,"href":"https:\/\/hno-johannssen.de\/index.php?rest_route=%2Fwp%2Fv2%2Fcomments&post=372"}],"version-history":[{"count":2,"href":"https:\/\/hno-johannssen.de\/index.php?rest_route=\/wp\/v2\/pages\/372\/revisions"}],"predecessor-version":[{"id":376,"href":"https:\/\/hno-johannssen.de\/index.php?rest_route=\/wp\/v2\/pages\/372\/revisions\/376"}],"wp:attachment":[{"href":"https:\/\/hno-johannssen.de\/index.php?rest_route=%2Fwp%2Fv2%2Fmedia&parent=372"}],"curies":[{"name":"wp","href":"https:\/\/api.w.org\/{rel}","templated":true}]}}