{"id":255,"date":"2015-03-26T10:11:27","date_gmt":"2015-03-26T09:11:27","guid":{"rendered":"http:\/\/hno-johannssen.de\/?page_id=255"},"modified":"2015-03-26T13:03:17","modified_gmt":"2015-03-26T12:03:17","slug":"lagerungsschwindel","status":"publish","type":"page","link":"https:\/\/hno-johannssen.de\/?page_id=255","title":{"rendered":"Lagerungsschwindel"},"content":{"rendered":"<p>Der\u00a0<strong> Lagerungsschwindel\u00a0<\/strong>ist ein\u00a0harmloser Schwindel (er hinterl\u00e4sst keine dauerhaften Probleme), der f\u00fcr die Patienten aber als sehr unangenehm empfunden wird. Er tritt bei Lage\u00e4nderung auf, typischerweise beim Drehen im Liegen und h\u00e4lt maximal 60 Sekunden an. Die Ursache liegt in einer Abl\u00f6sung von\u00a0kleinen Steinchen (<strong>Otolithen)<\/strong>\u00a0aus einem bestimmten Bereich des Gleichgewichtsorgans. Diese Steinchen gelangen dann in die ebenfalls zum Gleichgewichtsorgan geh\u00f6renden Bogeng\u00e4nge, in denen der Schwindel bei Drehung ausgel\u00f6st werden kann.<\/p>\n<p><strong>Therapie<br \/>\n<\/strong>Da der gutartige Lagerungsschwindel durch im Bogengang befindliche Steinchen hervorgerufen wird, besteht die Behandlung in einer Abfolge von K\u00f6rperlagerungs- und Kopflagerungs\u00fcbungen, mit denen diese aus den Bogeng\u00e4ngen des Gleichgewichtsorgans\u00a0herausbef\u00f6rdert werden. Geeignete \u00dcbung hierf\u00fcr sind das:<\/p>\n<p><strong>S\u00e9mont-Man\u00f6ver\u2028 <a title=\"Semont Man\u00f6ver\" href=\"https:\/\/youtu.be\/lx2WdHrS-8Y\">(siehe auch You-Tube-Video)<br \/>\n<\/a><\/strong>Kurze Anleitung f\u00fcr das S\u00e9mont Man\u00f6ver in drei einfach Schritten:<\/p>\n<ol>\n<li>Aufrechte Sitzposition<\/li>\n<li>K\u00f6rper auf die Schulter kippen<\/li>\n<li>Rasche Wendung um 180\u00b0 auf die andere Schulter; Man\u00f6ver je nach Bedarf f\u00fcr das rechte oder linke Ohr anpassen.<\/li>\n<\/ol>\n<p><img loading=\"lazy\" decoding=\"async\" class=\"alignnone  wp-image-259\" src=\"http:\/\/hno-johannssen.de\/wp-content\/uploads\/Semant-Man\u00f6ver-300x99.png\" alt=\"Semant Man\u00f6ver\" width=\"412\" height=\"136\" srcset=\"https:\/\/hno-johannssen.de\/wp-content\/uploads\/Semant-Man\u00f6ver-300x99.png 300w, https:\/\/hno-johannssen.de\/wp-content\/uploads\/Semant-Man\u00f6ver-1024x337.png 1024w, https:\/\/hno-johannssen.de\/wp-content\/uploads\/Semant-Man\u00f6ver-624x205.png 624w, https:\/\/hno-johannssen.de\/wp-content\/uploads\/Semant-Man\u00f6ver.png 1146w\" sizes=\"auto, (max-width: 412px) 100vw, 412px\" \/><\/p>\n<p>Bei diesem Man\u00f6ver sitzt der Patient aufrecht, den Kopf um 45\u00b0 gedreht. Dann legt der Patient sich abrupt seitw\u00e4rts auf die betroffene Seite. Der Kopf bleibt dabei in der gleichen Lage. Dementsprechend liegt der Patient nun also seitlich mit Blick nach \u201eoben\u201c auf der Liege. Die Verweildauer in dieser Position betr\u00e4gt 1 Minuten, dann erfolgt die Umlagerung um 180\u00b0 auf die andere K\u00f6rperseite. Der Kopf wird hierbei in der gleichen Position gehalten, so dass der Patient nun in Richtung der Unterlage schaut. Danach Umlagerung in die Ausgangslage zur\u00fcck und 1 Minuten abwarten.<\/p>\n<p><strong>Epley-Man\u00f6ver<a title=\"Epley Man\u00f6ver\" href=\"https:\/\/youtu.be\/4hg5CDvjndM\"> (siehe auch You-Tube \u2013Video)<br \/>\n<\/a><\/strong>Anleitung f\u00fcr das Epley Man\u00f6ver in 5 Schritten:<\/p>\n<ol>\n<li>Aufrechte Sitzposition, Kopf 45\u00b0 nach rechts drehen<\/li>\n<li>Liegende Position<\/li>\n<li>Kopf um 90\u00b0 nach links drehen<\/li>\n<li>Ganzen K\u00f6rper um 90\u00b0 nach links drehen<\/li>\n<li>Aufrichten mit leicht zur linken Schulter gekippten Kopf; das Man\u00f6ver f\u00fcr das linke Ohr mit spiegelverkehrter Richtung ausf\u00fchren<\/li>\n<\/ol>\n<p><img loading=\"lazy\" decoding=\"async\" class=\"alignnone  wp-image-258\" src=\"http:\/\/hno-johannssen.de\/wp-content\/uploads\/Epley-Man\u00f6ver-300x99.png\" alt=\"Epley Man\u00f6ver\" width=\"497\" height=\"164\" srcset=\"https:\/\/hno-johannssen.de\/wp-content\/uploads\/Epley-Man\u00f6ver-300x99.png 300w, https:\/\/hno-johannssen.de\/wp-content\/uploads\/Epley-Man\u00f6ver-1024x337.png 1024w, https:\/\/hno-johannssen.de\/wp-content\/uploads\/Epley-Man\u00f6ver-624x205.png 624w, https:\/\/hno-johannssen.de\/wp-content\/uploads\/Epley-Man\u00f6ver.png 1076w\" sizes=\"auto, (max-width: 497px) 100vw, 497px\" \/><\/p>\n","protected":false},"excerpt":{"rendered":"<p>Der\u00a0 Lagerungsschwindel\u00a0ist ein\u00a0harmloser Schwindel (er hinterl\u00e4sst keine dauerhaften Probleme), der f\u00fcr die Patienten aber als sehr unangenehm empfunden wird. Er tritt bei Lage\u00e4nderung auf, typischerweise beim Drehen im Liegen und h\u00e4lt maximal 60 Sekunden an. Die Ursache liegt in einer Abl\u00f6sung von\u00a0kleinen Steinchen (Otolithen)\u00a0aus einem bestimmten Bereich des Gleichgewichtsorgans. Diese Steinchen gelangen dann in die [&hellip;]<\/p>\n","protected":false},"author":2,"featured_media":0,"parent":13,"menu_order":0,"comment_status":"closed","ping_status":"closed","template":"","meta":{"footnotes":""},"class_list":["post-255","page","type-page","status-publish","hentry"],"_links":{"self":[{"href":"https:\/\/hno-johannssen.de\/index.php?rest_route=\/wp\/v2\/pages\/255","targetHints":{"allow":["GET"]}}],"collection":[{"href":"https:\/\/hno-johannssen.de\/index.php?rest_route=\/wp\/v2\/pages"}],"about":[{"href":"https:\/\/hno-johannssen.de\/index.php?rest_route=\/wp\/v2\/types\/page"}],"author":[{"embeddable":true,"href":"https:\/\/hno-johannssen.de\/index.php?rest_route=\/wp\/v2\/users\/2"}],"replies":[{"embeddable":true,"href":"https:\/\/hno-johannssen.de\/index.php?rest_route=%2Fwp%2Fv2%2Fcomments&post=255"}],"version-history":[{"count":16,"href":"https:\/\/hno-johannssen.de\/index.php?rest_route=\/wp\/v2\/pages\/255\/revisions"}],"predecessor-version":[{"id":282,"href":"https:\/\/hno-johannssen.de\/index.php?rest_route=\/wp\/v2\/pages\/255\/revisions\/282"}],"up":[{"embeddable":true,"href":"https:\/\/hno-johannssen.de\/index.php?rest_route=\/wp\/v2\/pages\/13"}],"wp:attachment":[{"href":"https:\/\/hno-johannssen.de\/index.php?rest_route=%2Fwp%2Fv2%2Fmedia&parent=255"}],"curies":[{"name":"wp","href":"https:\/\/api.w.org\/{rel}","templated":true}]}}