{"id":23,"date":"2013-04-23T15:55:48","date_gmt":"2013-04-23T13:55:48","guid":{"rendered":"http:\/\/hno-johannssen.de\/?page_id=23"},"modified":"2021-02-16T14:11:54","modified_gmt":"2021-02-16T13:11:54","slug":"phytotherapie","status":"publish","type":"page","link":"https:\/\/hno-johannssen.de\/?page_id=23","title":{"rendered":"Phytotherapie"},"content":{"rendered":"<p>Die Pflanzenheilkunde geh\u00f6rt zu den \u00e4ltesten medizinischen Therapieformen. In der Pflanzenheilkunde kommen grunds\u00e4tzlich nur ganze Pflanzen oder Pflanzenteile (Bl\u00fcten, Bl\u00e4tter, Samen, Rinden, Wurzeln) zur Anwendung. Diese in der Pharmazie Drogen genannten Ausgangsstoffe werden frisch oder als Aufguss bzw. Auskochung (Tee), Saft, Tinktur, Extrakt, Pulver, \u00c4therisches \u00d6l etc. therapeutisch angewendet.<\/p>\n<p>Die Pflanzenheilkunde basiert auf traditioneller Medizin. Erfahrungswerte, \u00fcberliefertes Wissen und Traditionen spielen eine wichtige Rolle. Viele Wirkungen von Heilpflanzen sind nicht wissenschaftlich belegt. Dennoch folgt die moderne Pflanzenheilkunde den Grunds\u00e4tzen der naturwissenschaftlich begr\u00fcndeten Medizin.<\/p>\n","protected":false},"excerpt":{"rendered":"<p>Die Pflanzenheilkunde geh\u00f6rt zu den \u00e4ltesten medizinischen Therapieformen. In der Pflanzenheilkunde kommen grunds\u00e4tzlich nur ganze Pflanzen oder Pflanzenteile (Bl\u00fcten, Bl\u00e4tter, Samen, Rinden, Wurzeln) zur Anwendung. Diese in der Pharmazie Drogen genannten Ausgangsstoffe werden frisch oder als Aufguss bzw. Auskochung (Tee), Saft, Tinktur, Extrakt, Pulver, \u00c4therisches \u00d6l etc. therapeutisch angewendet. Die Pflanzenheilkunde basiert auf traditioneller Medizin. [&hellip;]<\/p>\n","protected":false},"author":1,"featured_media":0,"parent":2,"menu_order":0,"comment_status":"closed","ping_status":"closed","template":"","meta":{"footnotes":""},"class_list":["post-23","page","type-page","status-publish","hentry"],"_links":{"self":[{"href":"https:\/\/hno-johannssen.de\/index.php?rest_route=\/wp\/v2\/pages\/23","targetHints":{"allow":["GET"]}}],"collection":[{"href":"https:\/\/hno-johannssen.de\/index.php?rest_route=\/wp\/v2\/pages"}],"about":[{"href":"https:\/\/hno-johannssen.de\/index.php?rest_route=\/wp\/v2\/types\/page"}],"author":[{"embeddable":true,"href":"https:\/\/hno-johannssen.de\/index.php?rest_route=\/wp\/v2\/users\/1"}],"replies":[{"embeddable":true,"href":"https:\/\/hno-johannssen.de\/index.php?rest_route=%2Fwp%2Fv2%2Fcomments&post=23"}],"version-history":[{"count":4,"href":"https:\/\/hno-johannssen.de\/index.php?rest_route=\/wp\/v2\/pages\/23\/revisions"}],"predecessor-version":[{"id":106,"href":"https:\/\/hno-johannssen.de\/index.php?rest_route=\/wp\/v2\/pages\/23\/revisions\/106"}],"up":[{"embeddable":true,"href":"https:\/\/hno-johannssen.de\/index.php?rest_route=\/wp\/v2\/pages\/2"}],"wp:attachment":[{"href":"https:\/\/hno-johannssen.de\/index.php?rest_route=%2Fwp%2Fv2%2Fmedia&parent=23"}],"curies":[{"name":"wp","href":"https:\/\/api.w.org\/{rel}","templated":true}]}}