{"id":19,"date":"2013-04-23T15:54:49","date_gmt":"2013-04-23T13:54:49","guid":{"rendered":"http:\/\/hno-johannssen.de\/?page_id=19"},"modified":"2021-03-12T08:59:39","modified_gmt":"2021-03-12T07:59:39","slug":"allergologie","status":"publish","type":"page","link":"https:\/\/hno-johannssen.de\/?page_id=19","title":{"rendered":"Allergologie"},"content":{"rendered":"<p>Allergien<br \/>\nAllergien sind eine \u00dcberreaktion des Immunsystems auf k\u00f6rperfremde, nicht infekti\u00f6se Stoffe (Allergene). Der K\u00f6rper reagiert mit den Unterschiedlichsten Symptomen. Am h\u00e4ufigsten sind nasale Reaktionen (Naselaufen, Niesreiz) und Juckreiz in den Augen. Weiterhin kann es zu Kratzen oder Juckreiz im Gaumen \u2013, Rachenbereich kommen so wie trockenem Husten. Letzteres w\u00e4re ein Syptom f\u00fcr beginnendes Asthma. Das Verlagern der Syptome vom oberen Bereich (Nase, Augen) in den unteren Bereich (Lunge) nennt man Etagenwechsel.<\/p>\n<p>Hauttests<br \/>\nHauttests werden als Standarduntersuchungen vorgenommen wenn der Verdacht besteht, dass ein Patient allergisch auf eine Substanz reagiert. Es handelt sich um eine Form des Provokationstests. Dabei werden Allergenextrakte bzw. allergenhaltiges Material auf verschiedene Weisen mit der Haut in Kontakt gebracht. Sensibilisierte Betroffene zeigen nach definierten Zeiten lokale Reaktionen. An ihnen kann abgelesen werden, gegen welche Allergene oder Allergenquellen der Patient sensibilisiert ist. Dieser Test kann auch Hinweise auf den Schweregrad der allergischen Reaktion geben.<\/p>\n<p>Therapie<br \/>\nDie beste Therapie ist die Allergenkarenz, dass hei\u00dft das Vermeiden von Allergenkontakt. Dies ist nat\u00fcrlich nicht immer m\u00f6glich. Geringe Beschwerden k\u00f6nnen mit Tabletten (Antihistaminika) oder\/und lokal wirksamen Sprays, Tropfen therapiert werden. St\u00e4rkere Symptome und asthmatische Beschwerden sollten wenn m\u00f6glich mit einer spezifischen Immuntherapie (Hyposensibilisierung\/Desensibilisierung) behandelt werden.<\/p>\n<p>Nahrungsmittelallergie\/ Nahrungsmittelunvertr\u00e4glichkeit<\/p>\n<p>Ausf\u00fchrliche Aufkl\u00e4rung unter folgendem Link<\/p>\n<p><a href=\"https:\/\/www.daab.de\/ernaehrung\/ernaehrungswelt\/\">Nahrungsmittelallergie<\/a><\/p>\n","protected":false},"excerpt":{"rendered":"<p>Allergien Allergien sind eine \u00dcberreaktion des Immunsystems auf k\u00f6rperfremde, nicht infekti\u00f6se Stoffe (Allergene). Der K\u00f6rper reagiert mit den Unterschiedlichsten Symptomen. Am h\u00e4ufigsten sind nasale Reaktionen (Naselaufen, Niesreiz) und Juckreiz in den Augen. Weiterhin kann es zu Kratzen oder Juckreiz im Gaumen \u2013, Rachenbereich kommen so wie trockenem Husten. Letzteres w\u00e4re ein Syptom f\u00fcr beginnendes Asthma. [&hellip;]<\/p>\n","protected":false},"author":1,"featured_media":0,"parent":2,"menu_order":0,"comment_status":"closed","ping_status":"closed","template":"","meta":{"footnotes":""},"class_list":["post-19","page","type-page","status-publish","hentry"],"_links":{"self":[{"href":"https:\/\/hno-johannssen.de\/index.php?rest_route=\/wp\/v2\/pages\/19","targetHints":{"allow":["GET"]}}],"collection":[{"href":"https:\/\/hno-johannssen.de\/index.php?rest_route=\/wp\/v2\/pages"}],"about":[{"href":"https:\/\/hno-johannssen.de\/index.php?rest_route=\/wp\/v2\/types\/page"}],"author":[{"embeddable":true,"href":"https:\/\/hno-johannssen.de\/index.php?rest_route=\/wp\/v2\/users\/1"}],"replies":[{"embeddable":true,"href":"https:\/\/hno-johannssen.de\/index.php?rest_route=%2Fwp%2Fv2%2Fcomments&post=19"}],"version-history":[{"count":4,"href":"https:\/\/hno-johannssen.de\/index.php?rest_route=\/wp\/v2\/pages\/19\/revisions"}],"predecessor-version":[{"id":404,"href":"https:\/\/hno-johannssen.de\/index.php?rest_route=\/wp\/v2\/pages\/19\/revisions\/404"}],"up":[{"embeddable":true,"href":"https:\/\/hno-johannssen.de\/index.php?rest_route=\/wp\/v2\/pages\/2"}],"wp:attachment":[{"href":"https:\/\/hno-johannssen.de\/index.php?rest_route=%2Fwp%2Fv2%2Fmedia&parent=19"}],"curies":[{"name":"wp","href":"https:\/\/api.w.org\/{rel}","templated":true}]}}