{"id":17,"date":"2013-04-23T15:54:32","date_gmt":"2013-04-23T13:54:32","guid":{"rendered":"http:\/\/hno-johannssen.de\/?page_id=17"},"modified":"2021-02-16T14:09:42","modified_gmt":"2021-02-16T13:09:42","slug":"akupunktur","status":"publish","type":"page","link":"https:\/\/hno-johannssen.de\/?page_id=17","title":{"rendered":"Akupunktur"},"content":{"rendered":"<p>&nbsp;<\/p>\n<p><strong>Was ist das?<\/strong><br \/>\nDie Akupunktur ist eine alte chinesische Behandlungsmethode, bei der mit sehr feinen Nadeln durch die Haut in die Unterhaut oder Muskulatur gestochen wird. Dies ist\u00a0 vergleichsweise schmerzarm, so dass Kinder mit dieser Methode ebenfalls behandelt werden k\u00f6nnen. Bei dem Einstich mit der Nadel durch die Haut kommt es zur Ausl\u00f6sung des so genannten \u201ede Qi\u201c-Gef\u00fchls, ein W\u00e4rmegef\u00fchl, welches sich entlang von Meridianen (Leitungsbahnen) ausbreitet. Der Einstich reizt Nervenendigungen, die reflektorisch zu Muskelentspannungen und Gef\u00e4\u00dferweiterungen f\u00fchren.<\/p>\n<p><strong>Was behandelt man damit?<\/strong><br \/>\nDie Akupunktur kann zu diagnostischen und vor allem therapeutischen Zwecken eingesetzt werden. Die besten Erfolge werden bei Schmerzen (z.B. Migr\u00e4ne, Neuralgien) oder Muskelverspannungen erzielt. Sie findet aber auch in vielen anderen Bereichen effektive Anwendung (Geburtseinleitung, Bluthochdruck, Tinnitus, Pr\u00fcfungsangst, Raucherentw\u00f6hnung). Von den gesetzlichen Krankenkassen werden zurzeit bei Knie- und R\u00fcckenproblemen die Kosten zum gr\u00f6\u00dften Teil \u00fcbernommen.<\/p>\n","protected":false},"excerpt":{"rendered":"<p>&nbsp; Was ist das? Die Akupunktur ist eine alte chinesische Behandlungsmethode, bei der mit sehr feinen Nadeln durch die Haut in die Unterhaut oder Muskulatur gestochen wird. Dies ist\u00a0 vergleichsweise schmerzarm, so dass Kinder mit dieser Methode ebenfalls behandelt werden k\u00f6nnen. Bei dem Einstich mit der Nadel durch die Haut kommt es zur Ausl\u00f6sung des [&hellip;]<\/p>\n","protected":false},"author":1,"featured_media":0,"parent":2,"menu_order":0,"comment_status":"closed","ping_status":"closed","template":"","meta":{"footnotes":""},"class_list":["post-17","page","type-page","status-publish","hentry"],"_links":{"self":[{"href":"https:\/\/hno-johannssen.de\/index.php?rest_route=\/wp\/v2\/pages\/17","targetHints":{"allow":["GET"]}}],"collection":[{"href":"https:\/\/hno-johannssen.de\/index.php?rest_route=\/wp\/v2\/pages"}],"about":[{"href":"https:\/\/hno-johannssen.de\/index.php?rest_route=\/wp\/v2\/types\/page"}],"author":[{"embeddable":true,"href":"https:\/\/hno-johannssen.de\/index.php?rest_route=\/wp\/v2\/users\/1"}],"replies":[{"embeddable":true,"href":"https:\/\/hno-johannssen.de\/index.php?rest_route=%2Fwp%2Fv2%2Fcomments&post=17"}],"version-history":[{"count":6,"href":"https:\/\/hno-johannssen.de\/index.php?rest_route=\/wp\/v2\/pages\/17\/revisions"}],"predecessor-version":[{"id":345,"href":"https:\/\/hno-johannssen.de\/index.php?rest_route=\/wp\/v2\/pages\/17\/revisions\/345"}],"up":[{"embeddable":true,"href":"https:\/\/hno-johannssen.de\/index.php?rest_route=\/wp\/v2\/pages\/2"}],"wp:attachment":[{"href":"https:\/\/hno-johannssen.de\/index.php?rest_route=%2Fwp%2Fv2%2Fmedia&parent=17"}],"curies":[{"name":"wp","href":"https:\/\/api.w.org\/{rel}","templated":true}]}}